{"id":693,"date":"2023-02-20T16:25:56","date_gmt":"2023-02-20T15:25:56","guid":{"rendered":"https:\/\/bergwirtschaft.hofbergli.ch\/?page_id=693"},"modified":"2026-04-24T13:34:34","modified_gmt":"2026-04-24T12:34:34","slug":"speisekarte","status":"publish","type":"page","link":"https:\/\/bergwirtschaft.hofbergli.ch\/?page_id=693","title":{"rendered":"Speisekarte"},"content":{"rendered":"\n<h2 class=\"wp-block-heading has-large-font-size\">Speisekarte und Informationen<\/h2>\n\n\n\n<p><strong>Bei uns kann in bar oder mit Twint bezahlt werden.<\/strong><\/p>\n\n\n\n<p>Wir verwenden ausschliesslich Schweizer Fleisch!<\/p>\n\n\n\n<p>\u00dcber Zutaten in unseren Gerichten, die Allergien oder Intoleranzen ausl\u00f6sen k\u00f6nnen, informieren Sie unsere Mitarbeiter\/innen gerne auf Anfrage.<\/p>\n\n\n\n<p>Alle Preise in CHF, inklusive 8,1% MwSt.<\/p>\n\n\n\n<p><strong>Unter der Woche warme K\u00fcche jeweils bis 14.00 Uhr und abends ab 17.00 Uhr ge\u00f6ffnet.<\/strong><\/p>\n\n\n\n<p><a href=\"https:\/\/bergwirtschaft.hofbergli.ch\/wp-content\/uploads\/2023\/12\/Getraenkekarte-2024-1.pdf\"><strong>Getr\u00e4nkekarte<\/strong><\/a><\/p>\n\n\n\n<p><a href=\"https:\/\/bergwirtschaft.hofbergli.ch\/wp-content\/uploads\/2025\/01\/Essenskarte-ab-01.01.2025.pdf\"><strong>Speisekarte<\/strong><\/a><\/p>\n\n\n\n<p><a href=\"https:\/\/bergwirtschaft.hofbergli.ch\/wp-content\/uploads\/2023\/12\/Dessertkarte-2024-1.pdf\"><strong>Dessertkarte<\/strong><\/a><\/p>\n\n\n\n<p><strong>Bitte beachten Sie, dass wir von Mittwoch bis Freitag ausschliesslich ein Mittagsmenu anbieten.<\/strong><\/p>\n\n\n\n<p><a href=\"https:\/\/bergwirtschaft.hofbergli.ch\/wp-content\/uploads\/2026\/04\/Mittagsmenus-vom-29.-April-1.-Mai-2026.pdf\"><strong>Mittagsmenus vom 29. April &#8211; 1. Mai 2026<\/strong><\/a><\/p>\n\n\n\n<p><a href=\"https:\/\/bergwirtschaft.hofbergli.ch\/wp-content\/uploads\/2026\/04\/Menu-Muttertag-10.05.2026.pdf\"><strong>Menu Muttertag, 10. Mai 2026<\/strong><\/a><\/p>\n\n\n\n<p><strong>Bei schlechter Witterung und keinen G\u00e4sten erlauben wir uns, die Bergwirtschaft bereits fr\u00fcher zu schliessen.<\/strong><\/p>\n\n\n\n<p><\/p>\n","protected":false},"excerpt":{"rendered":"<p>Speisekarte und Informationen Bei uns kann in bar oder mit Twint bezahlt werden. Wir verwenden ausschliesslich Schweizer Fleisch! \u00dcber Zutaten in unseren Gerichten, die Allergien oder Intoleranzen ausl\u00f6sen k\u00f6nnen, informieren Sie unsere Mitarbeiter\/innen gerne auf Anfrage. Alle Preise in CHF, inklusive 8,1% MwSt. Unter der Woche warme K\u00fcche jeweils bis 14.00 Uhr und abends ab &hellip; <a href=\"https:\/\/bergwirtschaft.hofbergli.ch\/?page_id=693\" class=\"more-link\"><span class=\"screen-reader-text\">\u201eSpeisekarte\u201c <\/span>weiterlesen<\/a><\/p>\n","protected":false},"author":1,"featured_media":0,"parent":0,"menu_order":0,"comment_status":"closed","ping_status":"closed","template":"","meta":{"footnotes":""},"class_list":["post-693","page","type-page","status-publish","hentry"],"_links":{"self":[{"href":"https:\/\/bergwirtschaft.hofbergli.ch\/index.php?rest_route=\/wp\/v2\/pages\/693","targetHints":{"allow":["GET"]}}],"collection":[{"href":"https:\/\/bergwirtschaft.hofbergli.ch\/index.php?rest_route=\/wp\/v2\/pages"}],"about":[{"href":"https:\/\/bergwirtschaft.hofbergli.ch\/index.php?rest_route=\/wp\/v2\/types\/page"}],"author":[{"embeddable":true,"href":"https:\/\/bergwirtschaft.hofbergli.ch\/index.php?rest_route=\/wp\/v2\/users\/1"}],"replies":[{"embeddable":true,"href":"https:\/\/bergwirtschaft.hofbergli.ch\/index.php?rest_route=%2Fwp%2Fv2%2Fcomments&post=693"}],"version-history":[{"count":430,"href":"https:\/\/bergwirtschaft.hofbergli.ch\/index.php?rest_route=\/wp\/v2\/pages\/693\/revisions"}],"predecessor-version":[{"id":2566,"href":"https:\/\/bergwirtschaft.hofbergli.ch\/index.php?rest_route=\/wp\/v2\/pages\/693\/revisions\/2566"}],"wp:attachment":[{"href":"https:\/\/bergwirtschaft.hofbergli.ch\/index.php?rest_route=%2Fwp%2Fv2%2Fmedia&parent=693"}],"curies":[{"name":"wp","href":"https:\/\/api.w.org\/{rel}","templated":true}]}}