{"id":678,"date":"2023-02-20T16:19:09","date_gmt":"2023-02-20T15:19:09","guid":{"rendered":"https:\/\/bergwirtschaft.hofbergli.ch\/?page_id=678"},"modified":"2024-01-15T09:06:14","modified_gmt":"2024-01-15T08:06:14","slug":"galerie","status":"publish","type":"page","link":"https:\/\/bergwirtschaft.hofbergli.ch\/?page_id=678","title":{"rendered":"Galerie"},"content":{"rendered":"\n<div class=\"wp-block-columns is-layout-flex wp-container-core-columns-is-layout-9d6595d7 wp-block-columns-is-layout-flex\">\n<div class=\"wp-block-column is-layout-flow wp-block-column-is-layout-flow\" style=\"flex-basis:50%\">\n<figure class=\"wp-block-image size-medium is-resized is-style-default\"><img loading=\"lazy\" decoding=\"async\" width=\"300\" height=\"200\" src=\"https:\/\/bergwirtschaft.hofbergli.ch\/wp-content\/uploads\/2023\/03\/Haus-seite-2-300x200.jpg\" alt=\"\" class=\"wp-image-808\" srcset=\"https:\/\/bergwirtschaft.hofbergli.ch\/wp-content\/uploads\/2023\/03\/Haus-seite-2-300x200.jpg 300w, https:\/\/bergwirtschaft.hofbergli.ch\/wp-content\/uploads\/2023\/03\/Haus-seite-2-1024x683.jpg 1024w, https:\/\/bergwirtschaft.hofbergli.ch\/wp-content\/uploads\/2023\/03\/Haus-seite-2-768x512.jpg 768w, https:\/\/bergwirtschaft.hofbergli.ch\/wp-content\/uploads\/2023\/03\/Haus-seite-2-1536x1024.jpg 1536w, https:\/\/bergwirtschaft.hofbergli.ch\/wp-content\/uploads\/2023\/03\/Haus-seite-2-2048x1365.jpg 2048w, https:\/\/bergwirtschaft.hofbergli.ch\/wp-content\/uploads\/2023\/03\/Haus-seite-2-1200x800.jpg 1200w\" sizes=\"auto, (max-width: 300px) 85vw, 300px\" \/><\/figure>\n<\/div>\n\n\n\n<div class=\"wp-block-column is-layout-flow wp-block-column-is-layout-flow\" style=\"flex-basis:50%\">\n<figure class=\"wp-block-image size-medium is-resized is-style-default\"><img loading=\"lazy\" decoding=\"async\" width=\"300\" height=\"200\" src=\"https:\/\/bergwirtschaft.hofbergli.ch\/wp-content\/uploads\/2023\/03\/Natur-2-300x200.jpg\" alt=\"\" class=\"wp-image-811\" srcset=\"https:\/\/bergwirtschaft.hofbergli.ch\/wp-content\/uploads\/2023\/03\/Natur-2-300x200.jpg 300w, https:\/\/bergwirtschaft.hofbergli.ch\/wp-content\/uploads\/2023\/03\/Natur-2-1024x683.jpg 1024w, https:\/\/bergwirtschaft.hofbergli.ch\/wp-content\/uploads\/2023\/03\/Natur-2-768x512.jpg 768w, https:\/\/bergwirtschaft.hofbergli.ch\/wp-content\/uploads\/2023\/03\/Natur-2-1536x1024.jpg 1536w, https:\/\/bergwirtschaft.hofbergli.ch\/wp-content\/uploads\/2023\/03\/Natur-2-2048x1365.jpg 2048w, https:\/\/bergwirtschaft.hofbergli.ch\/wp-content\/uploads\/2023\/03\/Natur-2-1200x800.jpg 1200w\" sizes=\"auto, (max-width: 300px) 85vw, 300px\" \/><\/figure>\n<\/div>\n<\/div>\n\n\n\n<p><\/p>\n\n\n\n<div class=\"wp-block-columns is-layout-flex wp-container-core-columns-is-layout-9d6595d7 wp-block-columns-is-layout-flex\">\n<div class=\"wp-block-column is-layout-flow wp-block-column-is-layout-flow\" style=\"flex-basis:100%\">\n<div class=\"wp-block-group\"><div class=\"wp-block-group__inner-container is-layout-constrained wp-block-group-is-layout-constrained\">\n<div class=\"wp-block-columns is-layout-flex wp-container-core-columns-is-layout-9d6595d7 wp-block-columns-is-layout-flex\">\n<div class=\"wp-block-column is-layout-flow wp-block-column-is-layout-flow\"><div class=\"wp-block-image is-resized\">\n<figure class=\"alignright size-medium\"><img loading=\"lazy\" decoding=\"async\" width=\"240\" height=\"300\" src=\"https:\/\/bergwirtschaft.hofbergli.ch\/wp-content\/uploads\/2023\/05\/Tischdeko-1-240x300.jpg\" alt=\"\" class=\"wp-image-1062\" srcset=\"https:\/\/bergwirtschaft.hofbergli.ch\/wp-content\/uploads\/2023\/05\/Tischdeko-1-240x300.jpg 240w, https:\/\/bergwirtschaft.hofbergli.ch\/wp-content\/uploads\/2023\/05\/Tischdeko-1-820x1024.jpg 820w, https:\/\/bergwirtschaft.hofbergli.ch\/wp-content\/uploads\/2023\/05\/Tischdeko-1-768x959.jpg 768w, https:\/\/bergwirtschaft.hofbergli.ch\/wp-content\/uploads\/2023\/05\/Tischdeko-1.jpg 1080w\" sizes=\"auto, (max-width: 240px) 85vw, 240px\" \/><\/figure>\n<\/div><\/div>\n\n\n\n<div class=\"wp-block-column is-layout-flow wp-block-column-is-layout-flow\"><div class=\"wp-block-image\">\n<figure class=\"alignright size-medium\"><img loading=\"lazy\" decoding=\"async\" width=\"300\" height=\"225\" src=\"https:\/\/bergwirtschaft.hofbergli.ch\/wp-content\/uploads\/2024\/01\/Restaurant-4-300x225.jpg\" alt=\"\" class=\"wp-image-1617\" srcset=\"https:\/\/bergwirtschaft.hofbergli.ch\/wp-content\/uploads\/2024\/01\/Restaurant-4-300x225.jpg 300w, https:\/\/bergwirtschaft.hofbergli.ch\/wp-content\/uploads\/2024\/01\/Restaurant-4-1024x768.jpg 1024w, https:\/\/bergwirtschaft.hofbergli.ch\/wp-content\/uploads\/2024\/01\/Restaurant-4-768x576.jpg 768w, https:\/\/bergwirtschaft.hofbergli.ch\/wp-content\/uploads\/2024\/01\/Restaurant-4-1536x1152.jpg 1536w, https:\/\/bergwirtschaft.hofbergli.ch\/wp-content\/uploads\/2024\/01\/Restaurant-4-2048x1536.jpg 2048w, https:\/\/bergwirtschaft.hofbergli.ch\/wp-content\/uploads\/2024\/01\/Restaurant-4-1200x900.jpg 1200w\" sizes=\"auto, (max-width: 300px) 85vw, 300px\" \/><\/figure>\n<\/div><\/div>\n\n\n\n<div class=\"wp-block-column is-layout-flow wp-block-column-is-layout-flow\"><div class=\"wp-block-image\">\n<figure class=\"alignright size-medium\"><img loading=\"lazy\" decoding=\"async\" width=\"300\" height=\"225\" src=\"https:\/\/bergwirtschaft.hofbergli.ch\/wp-content\/uploads\/2024\/01\/Schnee-Sonnenuntergang-2-300x225.jpg\" alt=\"\" class=\"wp-image-1619\" srcset=\"https:\/\/bergwirtschaft.hofbergli.ch\/wp-content\/uploads\/2024\/01\/Schnee-Sonnenuntergang-2-300x225.jpg 300w, https:\/\/bergwirtschaft.hofbergli.ch\/wp-content\/uploads\/2024\/01\/Schnee-Sonnenuntergang-2-1024x768.jpg 1024w, https:\/\/bergwirtschaft.hofbergli.ch\/wp-content\/uploads\/2024\/01\/Schnee-Sonnenuntergang-2-768x576.jpg 768w, https:\/\/bergwirtschaft.hofbergli.ch\/wp-content\/uploads\/2024\/01\/Schnee-Sonnenuntergang-2-1536x1152.jpg 1536w, https:\/\/bergwirtschaft.hofbergli.ch\/wp-content\/uploads\/2024\/01\/Schnee-Sonnenuntergang-2-2048x1536.jpg 2048w, https:\/\/bergwirtschaft.hofbergli.ch\/wp-content\/uploads\/2024\/01\/Schnee-Sonnenuntergang-2-1200x900.jpg 1200w\" sizes=\"auto, (max-width: 300px) 85vw, 300px\" \/><\/figure>\n<\/div><\/div>\n<\/div>\n<\/div><\/div>\n<\/div>\n<\/div>\n\n\n\n<p><\/p>\n\n\n\n<p class=\"has-medium-font-size\"><strong>Getr\u00e4nke<\/strong><\/p>\n\n\n\n<div class=\"wp-block-columns is-layout-flex wp-container-core-columns-is-layout-9d6595d7 wp-block-columns-is-layout-flex\">\n<div class=\"wp-block-column is-layout-flow wp-block-column-is-layout-flow\"><div class=\"wp-block-image\">\n<figure class=\"alignleft size-medium\"><img loading=\"lazy\" decoding=\"async\" width=\"245\" height=\"300\" src=\"https:\/\/bergwirtschaft.hofbergli.ch\/wp-content\/uploads\/2023\/05\/Getraenke-3-245x300.jpg\" alt=\"\" class=\"wp-image-1145\" srcset=\"https:\/\/bergwirtschaft.hofbergli.ch\/wp-content\/uploads\/2023\/05\/Getraenke-3-245x300.jpg 245w, https:\/\/bergwirtschaft.hofbergli.ch\/wp-content\/uploads\/2023\/05\/Getraenke-3-835x1024.jpg 835w, https:\/\/bergwirtschaft.hofbergli.ch\/wp-content\/uploads\/2023\/05\/Getraenke-3-768x942.jpg 768w, https:\/\/bergwirtschaft.hofbergli.ch\/wp-content\/uploads\/2023\/05\/Getraenke-3.jpg 1080w\" sizes=\"auto, (max-width: 245px) 85vw, 245px\" \/><figcaption class=\"wp-element-caption\"><strong>Aperol Spritz und Hugo<\/strong><\/figcaption><\/figure>\n<\/div><\/div>\n\n\n\n<div class=\"wp-block-column is-layout-flow wp-block-column-is-layout-flow\"><div class=\"wp-block-image\">\n<figure class=\"alignright size-medium\"><img loading=\"lazy\" decoding=\"async\" width=\"300\" height=\"225\" src=\"https:\/\/bergwirtschaft.hofbergli.ch\/wp-content\/uploads\/2023\/05\/Hugo-300x225.jpg\" alt=\"\" class=\"wp-image-1146\" srcset=\"https:\/\/bergwirtschaft.hofbergli.ch\/wp-content\/uploads\/2023\/05\/Hugo-300x225.jpg 300w, https:\/\/bergwirtschaft.hofbergli.ch\/wp-content\/uploads\/2023\/05\/Hugo-1024x768.jpg 1024w, https:\/\/bergwirtschaft.hofbergli.ch\/wp-content\/uploads\/2023\/05\/Hugo-768x576.jpg 768w, https:\/\/bergwirtschaft.hofbergli.ch\/wp-content\/uploads\/2023\/05\/Hugo-1536x1152.jpg 1536w, https:\/\/bergwirtschaft.hofbergli.ch\/wp-content\/uploads\/2023\/05\/Hugo-2048x1536.jpg 2048w, https:\/\/bergwirtschaft.hofbergli.ch\/wp-content\/uploads\/2023\/05\/Hugo-1200x900.jpg 1200w\" sizes=\"auto, (max-width: 300px) 85vw, 300px\" \/><figcaption class=\"wp-element-caption\"><strong>Hugo<\/strong><\/figcaption><\/figure>\n<\/div><\/div>\n<\/div>\n\n\n\n<p><\/p>\n\n\n\n<p><\/p>\n\n\n\n<p class=\"has-medium-font-size\"><strong>Unsere K\u00f6stlichkeiten<\/strong><\/p>\n\n\n\n<div class=\"wp-block-columns is-layout-flex wp-container-core-columns-is-layout-9d6595d7 wp-block-columns-is-layout-flex\">\n<div class=\"wp-block-column is-layout-flow wp-block-column-is-layout-flow\"><div class=\"wp-block-image\">\n<figure class=\"alignleft size-medium\"><img loading=\"lazy\" decoding=\"async\" width=\"225\" height=\"300\" src=\"https:\/\/bergwirtschaft.hofbergli.ch\/wp-content\/uploads\/2023\/05\/Hobelkaese-2-225x300.jpg\" alt=\"\" class=\"wp-image-1161\" srcset=\"https:\/\/bergwirtschaft.hofbergli.ch\/wp-content\/uploads\/2023\/05\/Hobelkaese-2-225x300.jpg 225w, https:\/\/bergwirtschaft.hofbergli.ch\/wp-content\/uploads\/2023\/05\/Hobelkaese-2-768x1024.jpg 768w, https:\/\/bergwirtschaft.hofbergli.ch\/wp-content\/uploads\/2023\/05\/Hobelkaese-2-1152x1536.jpg 1152w, https:\/\/bergwirtschaft.hofbergli.ch\/wp-content\/uploads\/2023\/05\/Hobelkaese-2.jpg 1200w\" sizes=\"auto, (max-width: 225px) 85vw, 225px\" \/><figcaption class=\"wp-element-caption\"><strong>Hobelk\u00e4se<\/strong><\/figcaption><\/figure>\n<\/div><\/div>\n\n\n\n<div class=\"wp-block-column is-layout-flow wp-block-column-is-layout-flow\"><div class=\"wp-block-image\">\n<figure class=\"alignright size-medium is-resized\"><img loading=\"lazy\" decoding=\"async\" width=\"225\" height=\"300\" src=\"https:\/\/bergwirtschaft.hofbergli.ch\/wp-content\/uploads\/2023\/05\/Wurst-Kaese-Salat-garniert-4-225x300.jpg\" alt=\"\" class=\"wp-image-1162\" style=\"width:225px;height:300px\" srcset=\"https:\/\/bergwirtschaft.hofbergli.ch\/wp-content\/uploads\/2023\/05\/Wurst-Kaese-Salat-garniert-4-225x300.jpg 225w, https:\/\/bergwirtschaft.hofbergli.ch\/wp-content\/uploads\/2023\/05\/Wurst-Kaese-Salat-garniert-4-768x1024.jpg 768w, https:\/\/bergwirtschaft.hofbergli.ch\/wp-content\/uploads\/2023\/05\/Wurst-Kaese-Salat-garniert-4-1152x1536.jpg 1152w, https:\/\/bergwirtschaft.hofbergli.ch\/wp-content\/uploads\/2023\/05\/Wurst-Kaese-Salat-garniert-4-1536x2048.jpg 1536w, https:\/\/bergwirtschaft.hofbergli.ch\/wp-content\/uploads\/2023\/05\/Wurst-Kaese-Salat-garniert-4-1200x1600.jpg 1200w, https:\/\/bergwirtschaft.hofbergli.ch\/wp-content\/uploads\/2023\/05\/Wurst-Kaese-Salat-garniert-4-scaled.jpg 1920w\" sizes=\"auto, (max-width: 225px) 85vw, 225px\" \/><figcaption class=\"wp-element-caption\"><strong>Wurst-K\u00e4sesalat garniert<\/strong><\/figcaption><\/figure>\n<\/div><\/div>\n<\/div>\n\n\n\n<div class=\"wp-block-columns is-layout-flex wp-container-core-columns-is-layout-9d6595d7 wp-block-columns-is-layout-flex\">\n<div class=\"wp-block-column is-layout-flow wp-block-column-is-layout-flow\"><div class=\"wp-block-image\">\n<figure class=\"alignleft size-medium\"><img loading=\"lazy\" decoding=\"async\" width=\"225\" height=\"300\" src=\"https:\/\/bergwirtschaft.hofbergli.ch\/wp-content\/uploads\/2023\/07\/Chaesbergli-1-225x300.jpg\" alt=\"\" class=\"wp-image-1251\" srcset=\"https:\/\/bergwirtschaft.hofbergli.ch\/wp-content\/uploads\/2023\/07\/Chaesbergli-1-225x300.jpg 225w, https:\/\/bergwirtschaft.hofbergli.ch\/wp-content\/uploads\/2023\/07\/Chaesbergli-1-768x1024.jpg 768w, https:\/\/bergwirtschaft.hofbergli.ch\/wp-content\/uploads\/2023\/07\/Chaesbergli-1-1152x1536.jpg 1152w, https:\/\/bergwirtschaft.hofbergli.ch\/wp-content\/uploads\/2023\/07\/Chaesbergli-1-1536x2048.jpg 1536w, https:\/\/bergwirtschaft.hofbergli.ch\/wp-content\/uploads\/2023\/07\/Chaesbergli-1-1200x1600.jpg 1200w, https:\/\/bergwirtschaft.hofbergli.ch\/wp-content\/uploads\/2023\/07\/Chaesbergli-1-scaled.jpg 1920w\" sizes=\"auto, (max-width: 225px) 85vw, 225px\" \/><figcaption class=\"wp-element-caption\"><strong>Ch\u00e4sbergli<\/strong><\/figcaption><\/figure>\n<\/div><\/div>\n\n\n\n<div class=\"wp-block-column is-layout-flow wp-block-column-is-layout-flow\"><div class=\"wp-block-image\">\n<figure class=\"alignright size-medium\"><img loading=\"lazy\" decoding=\"async\" width=\"225\" height=\"300\" src=\"https:\/\/bergwirtschaft.hofbergli.ch\/wp-content\/uploads\/2023\/07\/Pouletknusperli-mit-gemischtem-Salat-225x300.jpg\" alt=\"\" class=\"wp-image-1252\" srcset=\"https:\/\/bergwirtschaft.hofbergli.ch\/wp-content\/uploads\/2023\/07\/Pouletknusperli-mit-gemischtem-Salat-225x300.jpg 225w, https:\/\/bergwirtschaft.hofbergli.ch\/wp-content\/uploads\/2023\/07\/Pouletknusperli-mit-gemischtem-Salat-768x1024.jpg 768w, https:\/\/bergwirtschaft.hofbergli.ch\/wp-content\/uploads\/2023\/07\/Pouletknusperli-mit-gemischtem-Salat-1152x1536.jpg 1152w, https:\/\/bergwirtschaft.hofbergli.ch\/wp-content\/uploads\/2023\/07\/Pouletknusperli-mit-gemischtem-Salat-1536x2048.jpg 1536w, https:\/\/bergwirtschaft.hofbergli.ch\/wp-content\/uploads\/2023\/07\/Pouletknusperli-mit-gemischtem-Salat-1200x1600.jpg 1200w, https:\/\/bergwirtschaft.hofbergli.ch\/wp-content\/uploads\/2023\/07\/Pouletknusperli-mit-gemischtem-Salat-scaled.jpg 1920w\" sizes=\"auto, (max-width: 225px) 85vw, 225px\" \/><figcaption class=\"wp-element-caption\"><strong>Pouletknusperli und gemischter Salat<\/strong><\/figcaption><\/figure>\n<\/div><\/div>\n<\/div>\n\n\n\n<p class=\"has-medium-font-size\"><strong>Dessert<\/strong><\/p>\n\n\n\n<div class=\"wp-block-columns is-layout-flex wp-container-core-columns-is-layout-9d6595d7 wp-block-columns-is-layout-flex\">\n<div class=\"wp-block-column is-layout-flow wp-block-column-is-layout-flow\"><div class=\"wp-block-image\">\n<figure class=\"alignleft size-medium\"><img loading=\"lazy\" decoding=\"async\" width=\"300\" height=\"225\" src=\"https:\/\/bergwirtschaft.hofbergli.ch\/wp-content\/uploads\/2023\/05\/Nussstangen-und-diverse-Kuchen-300x225.jpg\" alt=\"\" class=\"wp-image-1151\" srcset=\"https:\/\/bergwirtschaft.hofbergli.ch\/wp-content\/uploads\/2023\/05\/Nussstangen-und-diverse-Kuchen-300x225.jpg 300w, https:\/\/bergwirtschaft.hofbergli.ch\/wp-content\/uploads\/2023\/05\/Nussstangen-und-diverse-Kuchen-1024x768.jpg 1024w, https:\/\/bergwirtschaft.hofbergli.ch\/wp-content\/uploads\/2023\/05\/Nussstangen-und-diverse-Kuchen-768x576.jpg 768w, https:\/\/bergwirtschaft.hofbergli.ch\/wp-content\/uploads\/2023\/05\/Nussstangen-und-diverse-Kuchen-1536x1152.jpg 1536w, https:\/\/bergwirtschaft.hofbergli.ch\/wp-content\/uploads\/2023\/05\/Nussstangen-und-diverse-Kuchen-2048x1536.jpg 2048w, https:\/\/bergwirtschaft.hofbergli.ch\/wp-content\/uploads\/2023\/05\/Nussstangen-und-diverse-Kuchen-1200x900.jpg 1200w\" sizes=\"auto, (max-width: 300px) 85vw, 300px\" \/><figcaption class=\"wp-element-caption\"><strong>Nussstangen und diverse Kuchen<\/strong><\/figcaption><\/figure>\n<\/div><\/div>\n\n\n\n<div class=\"wp-block-column is-layout-flow wp-block-column-is-layout-flow\"><div class=\"wp-block-image\">\n<figure class=\"alignright size-medium is-resized\"><img loading=\"lazy\" decoding=\"async\" width=\"225\" height=\"300\" src=\"https:\/\/bergwirtschaft.hofbergli.ch\/wp-content\/uploads\/2023\/05\/Meringue-mit-Glace-und-Rahm-225x300.jpg\" alt=\"\" class=\"wp-image-1152\" style=\"width:225px;height:300px\" srcset=\"https:\/\/bergwirtschaft.hofbergli.ch\/wp-content\/uploads\/2023\/05\/Meringue-mit-Glace-und-Rahm-225x300.jpg 225w, https:\/\/bergwirtschaft.hofbergli.ch\/wp-content\/uploads\/2023\/05\/Meringue-mit-Glace-und-Rahm-768x1024.jpg 768w, https:\/\/bergwirtschaft.hofbergli.ch\/wp-content\/uploads\/2023\/05\/Meringue-mit-Glace-und-Rahm-1152x1536.jpg 1152w, https:\/\/bergwirtschaft.hofbergli.ch\/wp-content\/uploads\/2023\/05\/Meringue-mit-Glace-und-Rahm-1536x2048.jpg 1536w, https:\/\/bergwirtschaft.hofbergli.ch\/wp-content\/uploads\/2023\/05\/Meringue-mit-Glace-und-Rahm-1200x1600.jpg 1200w, https:\/\/bergwirtschaft.hofbergli.ch\/wp-content\/uploads\/2023\/05\/Meringue-mit-Glace-und-Rahm-scaled.jpg 1920w\" sizes=\"auto, (max-width: 225px) 85vw, 225px\" \/><figcaption class=\"wp-element-caption\"><strong>Meringue mit Glace und Rahm<\/strong><\/figcaption><\/figure>\n<\/div><\/div>\n<\/div>\n\n\n\n<p><\/p>\n\n\n\n<p class=\"has-medium-font-size\"><strong>F\u00fcr Geburtstagsfeste, Firmenanl\u00e4sse usw.<\/strong><\/p>\n\n\n\n<p><strong>Spiessligrill<\/strong><\/p>\n\n\n\n<div class=\"wp-block-columns is-layout-flex wp-container-core-columns-is-layout-9d6595d7 wp-block-columns-is-layout-flex\">\n<div class=\"wp-block-column is-layout-flow wp-block-column-is-layout-flow\">\n<figure class=\"wp-block-image size-medium\"><img loading=\"lazy\" decoding=\"async\" width=\"225\" height=\"300\" src=\"https:\/\/bergwirtschaft.hofbergli.ch\/wp-content\/uploads\/2023\/06\/Spiessligrill-1-225x300.jpg\" alt=\"\" class=\"wp-image-1228\" srcset=\"https:\/\/bergwirtschaft.hofbergli.ch\/wp-content\/uploads\/2023\/06\/Spiessligrill-1-225x300.jpg 225w, https:\/\/bergwirtschaft.hofbergli.ch\/wp-content\/uploads\/2023\/06\/Spiessligrill-1-768x1024.jpg 768w, https:\/\/bergwirtschaft.hofbergli.ch\/wp-content\/uploads\/2023\/06\/Spiessligrill-1-1152x1536.jpg 1152w, https:\/\/bergwirtschaft.hofbergli.ch\/wp-content\/uploads\/2023\/06\/Spiessligrill-1.jpg 1200w\" sizes=\"auto, (max-width: 225px) 85vw, 225px\" \/><\/figure>\n<\/div>\n\n\n\n<div class=\"wp-block-column is-layout-flow wp-block-column-is-layout-flow\">\n<figure class=\"wp-block-image size-medium\"><img loading=\"lazy\" decoding=\"async\" width=\"225\" height=\"300\" src=\"https:\/\/bergwirtschaft.hofbergli.ch\/wp-content\/uploads\/2023\/06\/Spiessligrill-225x300.jpg\" alt=\"\" class=\"wp-image-1229\" srcset=\"https:\/\/bergwirtschaft.hofbergli.ch\/wp-content\/uploads\/2023\/06\/Spiessligrill-225x300.jpg 225w, https:\/\/bergwirtschaft.hofbergli.ch\/wp-content\/uploads\/2023\/06\/Spiessligrill-768x1024.jpg 768w, https:\/\/bergwirtschaft.hofbergli.ch\/wp-content\/uploads\/2023\/06\/Spiessligrill-1152x1536.jpg 1152w, https:\/\/bergwirtschaft.hofbergli.ch\/wp-content\/uploads\/2023\/06\/Spiessligrill.jpg 1200w\" sizes=\"auto, (max-width: 225px) 85vw, 225px\" \/><\/figure>\n<\/div>\n\n\n\n<div class=\"wp-block-column is-layout-flow wp-block-column-is-layout-flow\">\n<figure class=\"wp-block-image size-medium\"><img loading=\"lazy\" decoding=\"async\" width=\"225\" height=\"300\" src=\"https:\/\/bergwirtschaft.hofbergli.ch\/wp-content\/uploads\/2023\/06\/Spiessligrill-2-225x300.jpg\" alt=\"\" class=\"wp-image-1227\" srcset=\"https:\/\/bergwirtschaft.hofbergli.ch\/wp-content\/uploads\/2023\/06\/Spiessligrill-2-225x300.jpg 225w, https:\/\/bergwirtschaft.hofbergli.ch\/wp-content\/uploads\/2023\/06\/Spiessligrill-2-768x1024.jpg 768w, https:\/\/bergwirtschaft.hofbergli.ch\/wp-content\/uploads\/2023\/06\/Spiessligrill-2-1152x1536.jpg 1152w, https:\/\/bergwirtschaft.hofbergli.ch\/wp-content\/uploads\/2023\/06\/Spiessligrill-2.jpg 1200w\" sizes=\"auto, (max-width: 225px) 85vw, 225px\" \/><\/figure>\n<\/div>\n<\/div>\n\n\n\n<p><\/p>\n\n\n\n<p><strong>Spanferkel<\/strong><\/p>\n\n\n\n<div class=\"wp-block-columns is-layout-flex wp-container-core-columns-is-layout-9d6595d7 wp-block-columns-is-layout-flex\">\n<div class=\"wp-block-column is-layout-flow wp-block-column-is-layout-flow\">\n<figure class=\"wp-block-image size-medium\"><img loading=\"lazy\" decoding=\"async\" width=\"300\" height=\"225\" src=\"https:\/\/bergwirtschaft.hofbergli.ch\/wp-content\/uploads\/2023\/06\/Spanferkel-3-300x225.jpg\" alt=\"\" class=\"wp-image-1219\" srcset=\"https:\/\/bergwirtschaft.hofbergli.ch\/wp-content\/uploads\/2023\/06\/Spanferkel-3-300x225.jpg 300w, https:\/\/bergwirtschaft.hofbergli.ch\/wp-content\/uploads\/2023\/06\/Spanferkel-3-1024x768.jpg 1024w, https:\/\/bergwirtschaft.hofbergli.ch\/wp-content\/uploads\/2023\/06\/Spanferkel-3-768x576.jpg 768w, https:\/\/bergwirtschaft.hofbergli.ch\/wp-content\/uploads\/2023\/06\/Spanferkel-3-1536x1152.jpg 1536w, https:\/\/bergwirtschaft.hofbergli.ch\/wp-content\/uploads\/2023\/06\/Spanferkel-3-2048x1536.jpg 2048w, https:\/\/bergwirtschaft.hofbergli.ch\/wp-content\/uploads\/2023\/06\/Spanferkel-3-1200x900.jpg 1200w\" sizes=\"auto, (max-width: 300px) 85vw, 300px\" \/><\/figure>\n<\/div>\n\n\n\n<div class=\"wp-block-column is-layout-flow wp-block-column-is-layout-flow\">\n<figure class=\"wp-block-image size-medium\"><img loading=\"lazy\" decoding=\"async\" width=\"225\" height=\"300\" src=\"https:\/\/bergwirtschaft.hofbergli.ch\/wp-content\/uploads\/2023\/06\/Spanferkel-mit-Teigwarensalat-2-225x300.jpg\" alt=\"\" class=\"wp-image-1220\" srcset=\"https:\/\/bergwirtschaft.hofbergli.ch\/wp-content\/uploads\/2023\/06\/Spanferkel-mit-Teigwarensalat-2-225x300.jpg 225w, https:\/\/bergwirtschaft.hofbergli.ch\/wp-content\/uploads\/2023\/06\/Spanferkel-mit-Teigwarensalat-2-768x1024.jpg 768w, https:\/\/bergwirtschaft.hofbergli.ch\/wp-content\/uploads\/2023\/06\/Spanferkel-mit-Teigwarensalat-2-1152x1536.jpg 1152w, https:\/\/bergwirtschaft.hofbergli.ch\/wp-content\/uploads\/2023\/06\/Spanferkel-mit-Teigwarensalat-2-1536x2048.jpg 1536w, https:\/\/bergwirtschaft.hofbergli.ch\/wp-content\/uploads\/2023\/06\/Spanferkel-mit-Teigwarensalat-2-1200x1600.jpg 1200w, https:\/\/bergwirtschaft.hofbergli.ch\/wp-content\/uploads\/2023\/06\/Spanferkel-mit-Teigwarensalat-2-scaled.jpg 1920w\" sizes=\"auto, (max-width: 225px) 85vw, 225px\" \/><\/figure>\n<\/div>\n\n\n\n<div class=\"wp-block-column is-layout-flow wp-block-column-is-layout-flow\">\n<figure class=\"wp-block-image size-medium\"><img loading=\"lazy\" decoding=\"async\" width=\"225\" height=\"300\" src=\"https:\/\/bergwirtschaft.hofbergli.ch\/wp-content\/uploads\/2023\/06\/Spanferkel-mit-Kartoffelsalat-2-225x300.jpg\" alt=\"\" class=\"wp-image-1221\" srcset=\"https:\/\/bergwirtschaft.hofbergli.ch\/wp-content\/uploads\/2023\/06\/Spanferkel-mit-Kartoffelsalat-2-225x300.jpg 225w, https:\/\/bergwirtschaft.hofbergli.ch\/wp-content\/uploads\/2023\/06\/Spanferkel-mit-Kartoffelsalat-2-768x1024.jpg 768w, https:\/\/bergwirtschaft.hofbergli.ch\/wp-content\/uploads\/2023\/06\/Spanferkel-mit-Kartoffelsalat-2-1152x1536.jpg 1152w, https:\/\/bergwirtschaft.hofbergli.ch\/wp-content\/uploads\/2023\/06\/Spanferkel-mit-Kartoffelsalat-2-1536x2048.jpg 1536w, https:\/\/bergwirtschaft.hofbergli.ch\/wp-content\/uploads\/2023\/06\/Spanferkel-mit-Kartoffelsalat-2-1200x1600.jpg 1200w, https:\/\/bergwirtschaft.hofbergli.ch\/wp-content\/uploads\/2023\/06\/Spanferkel-mit-Kartoffelsalat-2-scaled.jpg 1920w\" sizes=\"auto, (max-width: 225px) 85vw, 225px\" \/><\/figure>\n<\/div>\n<\/div>\n\n\n\n<p><\/p>\n\n\n\n<p><\/p>\n\n\n\n<p><\/p>\n\n\n\n<p><\/p>\n\n\n\n<p><\/p>\n\n\n\n<p><\/p>\n\n\n\n<p><\/p>\n","protected":false},"excerpt":{"rendered":"<p>Getr\u00e4nke Unsere K\u00f6stlichkeiten Dessert F\u00fcr Geburtstagsfeste, Firmenanl\u00e4sse usw. Spiessligrill Spanferkel<\/p>\n","protected":false},"author":1,"featured_media":0,"parent":0,"menu_order":0,"comment_status":"closed","ping_status":"closed","template":"","meta":{"footnotes":""},"class_list":["post-678","page","type-page","status-publish","hentry"],"_links":{"self":[{"href":"https:\/\/bergwirtschaft.hofbergli.ch\/index.php?rest_route=\/wp\/v2\/pages\/678","targetHints":{"allow":["GET"]}}],"collection":[{"href":"https:\/\/bergwirtschaft.hofbergli.ch\/index.php?rest_route=\/wp\/v2\/pages"}],"about":[{"href":"https:\/\/bergwirtschaft.hofbergli.ch\/index.php?rest_route=\/wp\/v2\/types\/page"}],"author":[{"embeddable":true,"href":"https:\/\/bergwirtschaft.hofbergli.ch\/index.php?rest_route=\/wp\/v2\/users\/1"}],"replies":[{"embeddable":true,"href":"https:\/\/bergwirtschaft.hofbergli.ch\/index.php?rest_route=%2Fwp%2Fv2%2Fcomments&post=678"}],"version-history":[{"count":57,"href":"https:\/\/bergwirtschaft.hofbergli.ch\/index.php?rest_route=\/wp\/v2\/pages\/678\/revisions"}],"predecessor-version":[{"id":1622,"href":"https:\/\/bergwirtschaft.hofbergli.ch\/index.php?rest_route=\/wp\/v2\/pages\/678\/revisions\/1622"}],"wp:attachment":[{"href":"https:\/\/bergwirtschaft.hofbergli.ch\/index.php?rest_route=%2Fwp%2Fv2%2Fmedia&parent=678"}],"curies":[{"name":"wp","href":"https:\/\/api.w.org\/{rel}","templated":true}]}}