{"id":31,"date":"2019-12-25T11:43:38","date_gmt":"2019-12-25T11:43:38","guid":{"rendered":"https:\/\/bergwirtschaft.hofbergli.ch\/?page_id=31"},"modified":"2025-02-14T18:12:32","modified_gmt":"2025-02-14T17:12:32","slug":"infos-anreise","status":"publish","type":"page","link":"https:\/\/bergwirtschaft.hofbergli.ch\/?page_id=31","title":{"rendered":"Anreise und Infos"},"content":{"rendered":"\n<h2 class=\"wp-block-heading has-large-font-size\"><strong>Anreise<\/strong><\/h2>\n\n\n\n<p><strong>Zu Fuss &amp; mit \u00d6V:<\/strong>&nbsp;Die Bergwirtschaft Hofbergli liegt direkt am Jura H\u00f6henweg, an der Route Balsthal \u2013 Schmiedenmatt \u2013 Weissenstein. (Von Balsthal ca. 4,5 Std., vom Weissenstein ca. 2 Std.).<br>Die n\u00e4chsten Postautolinien verkehren \u00fcber Solothurn \u2013 G\u00fcnsberg \u2013 Balmberg oder Wiedlisbach \u2013 Farnern. Ab Endstation Balmberg (Kurhaus) ca. 3\/4 Std. Fussmarsch (inklusive \u00dcberquerung der H\u00e4ngebr\u00fccke), von G\u00fcnsberg ca. 1 Std., von Farnern ca. 1,5 Std.<\/p>\n\n\n\n<p><strong>Mit dem Velo:<\/strong>&nbsp;Viele sch\u00f6ne Tour-M\u00f6glichkeiten. Z.B. Mountainbike-Tour Oensingen \u2013 Biel (insgesamt ca. 6 Std).<br><strong><br>Mit dem Auto:<\/strong>&nbsp;\u00dcber Wiedlisbach \u2013 Rumisberg \u2013 Farnern \u2013 Schmiedenmatt (nach dem Bergrestaurant Hintere Schmiedenmatt links auf die Naturstrasse abzweigen).&nbsp;<br>Oder aus dem Bezirk Thal \u00fcber Herbetswil \u2013 Schmiedenmatt.&nbsp;<br><strong>Zufahrt bis zum Hofbergli f\u00fcr G\u00e4ste erlaubt, bei Schnee aber nicht empfehlenswert (kein Winterdienst).<\/strong><\/p>\n","protected":false},"excerpt":{"rendered":"<p>Anreise Zu Fuss &amp; mit \u00d6V:&nbsp;Die Bergwirtschaft Hofbergli liegt direkt am Jura H\u00f6henweg, an der Route Balsthal \u2013 Schmiedenmatt \u2013 Weissenstein. (Von Balsthal ca. 4,5 Std., vom Weissenstein ca. 2 Std.).Die n\u00e4chsten Postautolinien verkehren \u00fcber Solothurn \u2013 G\u00fcnsberg \u2013 Balmberg oder Wiedlisbach \u2013 Farnern. Ab Endstation Balmberg (Kurhaus) ca. 3\/4 Std. Fussmarsch (inklusive \u00dcberquerung der &hellip; <a href=\"https:\/\/bergwirtschaft.hofbergli.ch\/?page_id=31\" class=\"more-link\"><span class=\"screen-reader-text\">\u201eAnreise und Infos\u201c <\/span>weiterlesen<\/a><\/p>\n","protected":false},"author":1,"featured_media":0,"parent":0,"menu_order":0,"comment_status":"closed","ping_status":"closed","template":"","meta":{"footnotes":""},"class_list":["post-31","page","type-page","status-publish","hentry"],"_links":{"self":[{"href":"https:\/\/bergwirtschaft.hofbergli.ch\/index.php?rest_route=\/wp\/v2\/pages\/31","targetHints":{"allow":["GET"]}}],"collection":[{"href":"https:\/\/bergwirtschaft.hofbergli.ch\/index.php?rest_route=\/wp\/v2\/pages"}],"about":[{"href":"https:\/\/bergwirtschaft.hofbergli.ch\/index.php?rest_route=\/wp\/v2\/types\/page"}],"author":[{"embeddable":true,"href":"https:\/\/bergwirtschaft.hofbergli.ch\/index.php?rest_route=\/wp\/v2\/users\/1"}],"replies":[{"embeddable":true,"href":"https:\/\/bergwirtschaft.hofbergli.ch\/index.php?rest_route=%2Fwp%2Fv2%2Fcomments&post=31"}],"version-history":[{"count":27,"href":"https:\/\/bergwirtschaft.hofbergli.ch\/index.php?rest_route=\/wp\/v2\/pages\/31\/revisions"}],"predecessor-version":[{"id":2057,"href":"https:\/\/bergwirtschaft.hofbergli.ch\/index.php?rest_route=\/wp\/v2\/pages\/31\/revisions\/2057"}],"wp:attachment":[{"href":"https:\/\/bergwirtschaft.hofbergli.ch\/index.php?rest_route=%2Fwp%2Fv2%2Fmedia&parent=31"}],"curies":[{"name":"wp","href":"https:\/\/api.w.org\/{rel}","templated":true}]}}